{"id":3537,"date":"2018-05-04T15:41:53","date_gmt":"2018-05-04T13:41:53","guid":{"rendered":"http:\/\/mindbloom.de\/?page_id=3537"},"modified":"2018-05-11T11:27:31","modified_gmt":"2018-05-11T09:27:31","slug":"fallbeispiel-miriam","status":"publish","type":"page","link":"https:\/\/mindbloom.de\/?page_id=3537","title":{"rendered":"Fallbeispiel: Miriam"},"content":{"rendered":"<\/div><\/div><\/div><!-- close content main div --><\/div><\/div><div id='av_section_1' class='avia-section main_color avia-section-default avia-no-shadow avia-bg-style-scroll   container_wrap sidebar_right'   ><div class='container' ><div class='template-page content  av-content-small alpha units'><div class='post-entry post-entry-type-page post-entry-3537'><div class='entry-content-wrapper clearfix'>\n<div  class='hr hr-default  '><span class='hr-inner ' ><span class='hr-inner-style'><\/span><\/span><\/div>\n<div class=\"flex_column av_two_fifth  flex_column_div first  \" ><div class='avia-image-container  av-styling- av-hover-grow   avia-align-center '  itemprop=\"ImageObject\" itemscope=\"itemscope\" itemtype=\"https:\/\/schema.org\/ImageObject\"  ><div class='avia-image-container-inner'><img class='avia_image ' src='https:\/\/mindbloom.de\/wp-content\/uploads\/2018\/04\/iStock-626963886-1030x687.jpg' alt='' title='happy teenage girl jumping in front of glass wall'   itemprop=\"thumbnailUrl\"  \/><\/div><\/div><\/div><div class=\"flex_column av_three_fifth  flex_column_div av-zero-column-padding   \" style='border-radius:0px; '><section class=\"av_textblock_section \"  itemscope=\"itemscope\" itemtype=\"https:\/\/schema.org\/CreativeWork\" ><div class='avia_textblock  '   itemprop=\"text\" ><h5><strong>Miriam, 10 Jahre*<\/strong><\/h5>\n<h2 class=\"page-title kl-blog-post-title entry-title\">Angst vor der Schule<\/h2>\n<div class=\"itemBody kl-blog-post-body kl-blog-cols-1\">\n<p>Die 10-j\u00e4hrige Miriam galt als komplett austherapiert. Seit zwei Monaten konnte sie gar nicht mehr zur Schule. Die Liste mit versuchten Therapien und besuchten \u00c4rzten und Psychologen war lang.<\/p>\n<p>Als sie zur ersten Sitzung kam, konnte man mehr h\u00f6ren als sehen. Mit beiden H\u00e4nden hielt sie sich krampfhaft am T\u00fcrrahmen fest. Ihre Mutter leistete Spitzensport, um sie durch den Eingang zu bekommen.<\/p>\n<p>Entsprechend harzig verliefen die ersten Minuten mit diesem M\u00e4dchen. Sie schaltete auf stur und sass regungslos da und ignorierte s\u00e4mtliche Bem\u00fchungen. Auf ein Blatt Papier kritzelte sie: \u00abIch will nicht fernsehen im Kopf.\u00bb<\/p>\n<p>Ziel war es nun, innert rund 30 Minuten etwas zu finden, was sie wirklich interessiert. Langsam kam zum Vorschein, dass es da so einen Jungen gab. Miriam taute auf. Ob er es cool f\u00e4nde, wenn sie Angst vor der Schule habe und nicht erscheine? Nein, meinte sie. Dabei beliessen wir es in der ersten Sitzung.<\/p>\n<p>Die zweite Sitzung begann v\u00f6llig anders. Ok, legen wir los, forderte sie. Anders als auch schon, hat sie hier niemand zu etwas gezwungen. Sie sp\u00fcrte sehr wohl den Respekt, den sie hier bekam.<\/p>\n<p>Bevor wir uns mit der Angst besch\u00e4ftigten, richteten wir in Ihrer Welt einen Sicheren Ort ein. Ihr <span class=\"stronger\" title=\"\" data-rel=\"tooltip\" data-placement=\"top\" data-animation=\"true\" data-original-title=\"Ein imgin\u00e4rer R\u00fcckzugsort, an den das Kind jederzeit zur\u00fcckkehren kann. Er dient als mentales Sicherheitsnetz.\">Sicherer Ort<\/span> war eine Blumenwiese mit Pferden, weil sie Natur mochte.<\/p>\n<p>Danach sah sie sich auf dem Weg zur Schule. Als sie n\u00e4her kam, wurde die Angst st\u00e4rker. Sie beschrieb die Angst als schwarzen Schatten im linken Oberschenkel. Ihre Atmung wurde schneller. Sie sah viele Kinder. Es war laut. Die G\u00e4nge waren eng. Als sie im Klassenzimmer war, ging die T\u00fcr zu. Leah bekam kaum Luft. Platzangst!<\/p>\n<p>Alle hatten sich auf die Angst vor Schule konzentriert. Keiner fand den wahren Grund. In diesem Ameisenhaufen Schule, mit all diesen Reizen, f\u00fchlte sich Leah eingeengt und bekam Platzangst.<\/p>\n<p>Sie begann zu realisieren, wie unn\u00f6tig ihre Platzangst ist. Mit ihrer Vorstellungskraft schob sie die W\u00e4nde auseinander. Im Kontrollraum drehten wir ihre L\u00e4rmempfindlichkeit herunter. Ihre Atmung normalisierte sich.<\/p>\n<p>Sie ersetzt die Angst mit einem starken Gef\u00fchl, geliebt zu sein. Als Einzelkind f\u00fchlte sie sich gelegentlich einsam. Aufgrund ihrer Geschichte fiel es ihr auch nicht sonderlich leicht, Freundschaften zu kn\u00fcpfen.<\/p>\n<p>Miriam konnte schon am n\u00e4chsten Tag zur\u00fcck zur Schule.<\/p>\n<\/div>\n<\/div><\/section><br \/>\n<div  class='hr hr-default  '><span class='hr-inner ' ><span class='hr-inner-style'><\/span><\/span><\/div><\/p><\/div><\/div><\/div><\/div><!-- close content main div --><\/div><\/div><div id='after_section_1' class='main_color av_default_container_wrap container_wrap sidebar_right'   ><div class='container' ><div class='template-page content  av-content-small alpha units'><div class='post-entry post-entry-type-page post-entry-3537'><div class='entry-content-wrapper clearfix'>\n","protected":false},"excerpt":{"rendered":"","protected":false},"author":1,"featured_media":0,"parent":0,"menu_order":0,"comment_status":"closed","ping_status":"closed","template":"","meta":{"footnotes":""},"_links":{"self":[{"href":"https:\/\/mindbloom.de\/index.php?rest_route=\/wp\/v2\/pages\/3537"}],"collection":[{"href":"https:\/\/mindbloom.de\/index.php?rest_route=\/wp\/v2\/pages"}],"about":[{"href":"https:\/\/mindbloom.de\/index.php?rest_route=\/wp\/v2\/types\/page"}],"author":[{"embeddable":true,"href":"https:\/\/mindbloom.de\/index.php?rest_route=\/wp\/v2\/users\/1"}],"replies":[{"embeddable":true,"href":"https:\/\/mindbloom.de\/index.php?rest_route=%2Fwp%2Fv2%2Fcomments&post=3537"}],"version-history":[{"count":3,"href":"https:\/\/mindbloom.de\/index.php?rest_route=\/wp\/v2\/pages\/3537\/revisions"}],"predecessor-version":[{"id":3577,"href":"https:\/\/mindbloom.de\/index.php?rest_route=\/wp\/v2\/pages\/3537\/revisions\/3577"}],"wp:attachment":[{"href":"https:\/\/mindbloom.de\/index.php?rest_route=%2Fwp%2Fv2%2Fmedia&parent=3537"}],"curies":[{"name":"wp","href":"https:\/\/api.w.org\/{rel}","templated":true}]}}