{"id":3543,"date":"2018-05-04T15:57:25","date_gmt":"2018-05-04T13:57:25","guid":{"rendered":"http:\/\/mindbloom.de\/?page_id=3543"},"modified":"2018-05-11T11:26:56","modified_gmt":"2018-05-11T09:26:56","slug":"fallbeispiel-joel","status":"publish","type":"page","link":"https:\/\/mindbloom.de\/?page_id=3543","title":{"rendered":"Fallbeispiel: Joel"},"content":{"rendered":"<\/div><\/div><\/div><!-- close content main div --><\/div><\/div><div id='av_section_1' class='avia-section main_color avia-section-default avia-no-shadow avia-bg-style-scroll   container_wrap sidebar_right'   ><div class='container' ><div class='template-page content  av-content-small alpha units'><div class='post-entry post-entry-type-page post-entry-3543'><div class='entry-content-wrapper clearfix'>\n<div  class='hr hr-default  '><span class='hr-inner ' ><span class='hr-inner-style'><\/span><\/span><\/div>\n<div class=\"flex_column av_two_fifth  flex_column_div first  \" ><div class='avia-image-container  av-styling- av-hover-grow   avia-align-center '  itemprop=\"ImageObject\" itemscope=\"itemscope\" itemtype=\"https:\/\/schema.org\/ImageObject\"  ><div class='avia-image-container-inner'><img class='avia_image ' src='https:\/\/mindbloom.de\/wp-content\/uploads\/2018\/04\/iStock-635820818_kl-1030x687.jpg' alt='' title='iStock-635820818_kl'   itemprop=\"thumbnailUrl\"  \/><\/div><\/div><\/div><div class=\"flex_column av_three_fifth  flex_column_div av-zero-column-padding   \" style='border-radius:0px; '><section class=\"av_textblock_section \"  itemscope=\"itemscope\" itemtype=\"https:\/\/schema.org\/CreativeWork\" ><div class='avia_textblock  '   itemprop=\"text\" ><h5><strong>Joel, 11 Jahre*<\/strong><\/h5>\n<h2><strong>Legasthenie<\/strong><\/h2>\n<p>Der 11-j\u00e4hrige Joel hatte ziemliche M\u00fche beim Lesen und vor allem Schreiben. Diagnostiziert wurden leichtes ADHS und Legasthenie.<\/p>\n<p>Bei \u00dcberbelastung schaltete Joel einfach ab und war pl\u00f6tzlich v\u00f6llig blockiert. In der Schule ging es bei Diktaten bis zur H\u00e4lfte gut, dann fehlten pl\u00f6tzlich Buchstaben und ganze W\u00f6rter. Denken und Schreiben waren irgendwie nicht schnell genug. Auch Hausaufgaben endeten oft im Streit. Sie fielen ihm schwer und machten ihn m\u00fcde.<\/p>\n<p>Trotz w\u00f6chentlichem F\u00f6rderunterricht und zwei vollen Jahren bei einer Logop\u00e4din, zeigte sich bei Joel keine Verbesserung.<\/p>\n<p>In der Sitzung spulten wir in seiner Vorstellungskraft zur\u00fcck bis in den Mutterleib. Schon hier sp\u00fcrte er ein Gef\u00fchl der Unsicherheit und Angst und beschrieb dieses als rote Kugel in seiner Brust. Tats\u00e4chlich hatte seine Mutter zuvor eine Fehlgeburt erlitten. Joel hatte diese Angst gesp\u00fcrt und aufgenommen. Er gab sie an seine Mutter zur\u00fcck.<\/p>\n<p>Mit 5 Jahren kam der erste Tag im Kindergarten als pr\u00e4gendes Ereignis zum Vorschein. Erneut sp\u00fcrte er Unsicherheit und Angst. Zum ersten Mal hatte er hier eine Blockade.<\/p>\n<p>Mit 8 Jahren folgte das erste Diktat. Hier geriet er massiv unter Druck, konnte nicht schnell genug mitschreiben. Diesen Moment \u00fcberforderte ihn, alles schaltete aus. Es war der Sch\u00fcsselmoment.<\/p>\n<p>Gemeinsam \u00fcberpr\u00fcften nun den <span class=\"stronger\" title=\"\" data-rel=\"tooltip\" data-placement=\"top\" data-animation=\"true\" data-original-title=\"Ein Add-on aus dem mindTV Lernprogramm, um mentale Blockaden aufzul\u00f6sen und Lernf\u00e4higkeiten zu verbessern.\">Informationsbildschirm<\/span> und alle Leitungen. Tats\u00e4chlich sah Joel eine zugeklemmte Leitung von seinem Kopf hinunter in seine Schreibhand. Als er sie reparierte, sp\u00fcrte er ein <span class=\"stronger\" title=\"\" data-rel=\"tooltip\" data-placement=\"top\" data-animation=\"true\" data-original-title=\"Es kommt w\u00e4hrend Sitzungen h\u00e4ufig vor, dass Kinder mitten in der Visualisierung starke, k\u00f6rperliche Signale empfinden.\">starkes Kribbeln<\/span>. Sein K\u00f6rper begann zu zittern und es war ihm gut anzusehen, dass viel in ihm vorging.<\/p>\n<p>Im <span class=\"stronger\" title=\"\" data-rel=\"tooltip\" data-placement=\"top\" data-animation=\"true\" data-original-title=\"Ein Add-on aus dem mindTV Lernprogramm, um Schw\u00e4chen aus- und St\u00e4rken einzuschalten.\">Mind Raum<\/span> fand und aktivierte er die Schalter f\u00fcr schnelles Denken und Motivation. Den Stressschalter hingegen zog er gleich ganz heraus. An seiner Stelle baute er einen neuen Schalter f\u00fcr klares Denken ein. Ganz auf drehte er noch schnelleres Schreiben.<\/p>\n<p>In den beiden ersten Wochen nach der Sitzung standen gleich zwei Deutschpr\u00fcfungen an. Joel erzielte eine 2+ und sogar seine erste 1! Seine Mutter machte Fotos auf denen gut erkennbar war, wie der Lehrer mit rotem Schreiber grosse Smilies und Bravos geschrieben hatte.<\/p>\n<p>Wie so oft hatte es in auch in diesem Fall \u00fcberhaupt nichts mit Intelligenz zu tun. Endlich konnte er zeigen, zu was er f\u00e4hig war. Joel schickt noch heute Postkarten aus den Ferien.<\/p>\n<\/div><\/section><br \/>\n<div  class='hr hr-default  '><span class='hr-inner ' ><span class='hr-inner-style'><\/span><\/span><\/div><\/p><\/div><\/div><\/div><\/div><!-- close content main div --><\/div><\/div><div id='after_section_1' class='main_color av_default_container_wrap container_wrap sidebar_right'   ><div class='container' ><div class='template-page content  av-content-small alpha units'><div class='post-entry post-entry-type-page post-entry-3543'><div class='entry-content-wrapper clearfix'>\n","protected":false},"excerpt":{"rendered":"","protected":false},"author":1,"featured_media":0,"parent":0,"menu_order":0,"comment_status":"closed","ping_status":"closed","template":"","meta":{"footnotes":""},"_links":{"self":[{"href":"https:\/\/mindbloom.de\/index.php?rest_route=\/wp\/v2\/pages\/3543"}],"collection":[{"href":"https:\/\/mindbloom.de\/index.php?rest_route=\/wp\/v2\/pages"}],"about":[{"href":"https:\/\/mindbloom.de\/index.php?rest_route=\/wp\/v2\/types\/page"}],"author":[{"embeddable":true,"href":"https:\/\/mindbloom.de\/index.php?rest_route=\/wp\/v2\/users\/1"}],"replies":[{"embeddable":true,"href":"https:\/\/mindbloom.de\/index.php?rest_route=%2Fwp%2Fv2%2Fcomments&post=3543"}],"version-history":[{"count":4,"href":"https:\/\/mindbloom.de\/index.php?rest_route=\/wp\/v2\/pages\/3543\/revisions"}],"predecessor-version":[{"id":3551,"href":"https:\/\/mindbloom.de\/index.php?rest_route=\/wp\/v2\/pages\/3543\/revisions\/3551"}],"wp:attachment":[{"href":"https:\/\/mindbloom.de\/index.php?rest_route=%2Fwp%2Fv2%2Fmedia&parent=3543"}],"curies":[{"name":"wp","href":"https:\/\/api.w.org\/{rel}","templated":true}]}}