{"id":3556,"date":"2018-05-11T10:29:06","date_gmt":"2018-05-11T08:29:06","guid":{"rendered":"http:\/\/mindbloom.de\/?page_id=3556"},"modified":"2018-05-11T11:07:30","modified_gmt":"2018-05-11T09:07:30","slug":"fallbeispiel-martina","status":"publish","type":"page","link":"https:\/\/mindbloom.de\/?page_id=3556","title":{"rendered":"Fallbeispiel: Martina"},"content":{"rendered":"<\/div><\/div><\/div><!-- close content main div --><\/div><\/div><div id='av_section_1' class='avia-section main_color avia-section-default avia-no-shadow avia-bg-style-scroll   container_wrap sidebar_right'   ><div class='container' ><div class='template-page content  av-content-small alpha units'><div class='post-entry post-entry-type-page post-entry-3556'><div class='entry-content-wrapper clearfix'>\n<div  class='hr hr-default  '><span class='hr-inner ' ><span class='hr-inner-style'><\/span><\/span><\/div>\n<div class=\"flex_column av_two_fifth  flex_column_div first  \" ><div class='avia-image-container  av-styling- av-hover-grow   avia-align-center '  itemprop=\"ImageObject\" itemscope=\"itemscope\" itemtype=\"https:\/\/schema.org\/ImageObject\"  ><div class='avia-image-container-inner'><img class='avia_image ' src='https:\/\/mindbloom.de\/wp-content\/uploads\/2018\/05\/iStock-500196619-1030x687.jpg' alt='' title='Her smile will brighten your day'   itemprop=\"thumbnailUrl\"  \/><\/div><\/div><\/div><div class=\"flex_column av_three_fifth  flex_column_div av-zero-column-padding   \" style='border-radius:0px; '><section class=\"av_textblock_section \"  itemscope=\"itemscope\" itemtype=\"https:\/\/schema.org\/CreativeWork\" ><div class='avia_textblock  '   itemprop=\"text\" ><h5>Martina, 45 Jahre alt<\/h5>\n<h2><strong>Eine begeisterte Bergziege <\/strong><\/h2>\n<p><strong>Martina f\u00e4hrt seit vielen Jahren Mountainbike.<\/strong> Schon immer wollte sie mit dem Fahrrad die <strong>Alpen \u00fcberqueren.<\/strong> Sie hat viel trainiert und ist topfit. Nur mental hapert es noch. \u201eSchaffe ich diese Herausforderung? <strong>Wie kann ich meinen inneren Schweinehund \u00fcberwinden?<\/strong>\u201c<\/p>\n<p>In Hypnose lasse ich sie mit dem Mountainbike \u00fcber die Alpen fahren. Dabei leite ich sie an, sich selbst ihre mentalen \u201eWerkzeuge\u201c zu suchen, die ihr helfen, dieses anstrengende Abenteuer zu meistern.<\/p>\n<p>Sie baut sich \u201eMotoren\u201c in ihre H\u00fcftgelenke ein, die bei jedem Tritt in die Pedalen mehr Kraft produzieren. Die Leichtigkeit der Schmetterlinge l\u00e4sst sie die Alpenp\u00e4sse hinauffliegen\u201c. Mithilfe von einer unsichtbaren \u201eSeilwinde\u201c l\u00e4sst sie sich bei Gegenwind den Berg hochziehen.<\/p>\n<p><strong>Martina hat nun schon mehrmals die Alpen \u00fcberquert.<\/strong><\/p>\n<\/div><\/section><br \/>\n<div  class='hr hr-default  '><span class='hr-inner ' ><span class='hr-inner-style'><\/span><\/span><\/div><\/p><\/div><\/div><\/div><\/div><!-- close content main div --><\/div><\/div><div id='after_section_1' class='main_color av_default_container_wrap container_wrap sidebar_right'   ><div class='container' ><div class='template-page content  av-content-small alpha units'><div class='post-entry post-entry-type-page post-entry-3556'><div class='entry-content-wrapper clearfix'>\n","protected":false},"excerpt":{"rendered":"","protected":false},"author":1,"featured_media":0,"parent":0,"menu_order":0,"comment_status":"closed","ping_status":"closed","template":"","meta":{"footnotes":""},"_links":{"self":[{"href":"https:\/\/mindbloom.de\/index.php?rest_route=\/wp\/v2\/pages\/3556"}],"collection":[{"href":"https:\/\/mindbloom.de\/index.php?rest_route=\/wp\/v2\/pages"}],"about":[{"href":"https:\/\/mindbloom.de\/index.php?rest_route=\/wp\/v2\/types\/page"}],"author":[{"embeddable":true,"href":"https:\/\/mindbloom.de\/index.php?rest_route=\/wp\/v2\/users\/1"}],"replies":[{"embeddable":true,"href":"https:\/\/mindbloom.de\/index.php?rest_route=%2Fwp%2Fv2%2Fcomments&post=3556"}],"version-history":[{"count":2,"href":"https:\/\/mindbloom.de\/index.php?rest_route=\/wp\/v2\/pages\/3556\/revisions"}],"predecessor-version":[{"id":3558,"href":"https:\/\/mindbloom.de\/index.php?rest_route=\/wp\/v2\/pages\/3556\/revisions\/3558"}],"wp:attachment":[{"href":"https:\/\/mindbloom.de\/index.php?rest_route=%2Fwp%2Fv2%2Fmedia&parent=3556"}],"curies":[{"name":"wp","href":"https:\/\/api.w.org\/{rel}","templated":true}]}}