{"id":3559,"date":"2018-05-11T10:34:26","date_gmt":"2018-05-11T08:34:26","guid":{"rendered":"http:\/\/mindbloom.de\/?page_id=3559"},"modified":"2018-05-11T11:09:18","modified_gmt":"2018-05-11T09:09:18","slug":"fallbeispiel-eva","status":"publish","type":"page","link":"https:\/\/mindbloom.de\/?page_id=3559","title":{"rendered":"Fallbeispiel: Eva"},"content":{"rendered":"<\/div><\/div><\/div><!-- close content main div --><\/div><\/div><div id='av_section_1' class='avia-section main_color avia-section-default avia-no-shadow avia-bg-style-scroll   container_wrap sidebar_right'   ><div class='container' ><div class='template-page content  av-content-small alpha units'><div class='post-entry post-entry-type-page post-entry-3559'><div class='entry-content-wrapper clearfix'>\n<div  class='hr hr-default  '><span class='hr-inner ' ><span class='hr-inner-style'><\/span><\/span><\/div>\n<div class=\"flex_column av_two_fifth  flex_column_div first  \" ><div class='avia-image-container  av-styling- av-hover-grow   avia-align-center '  itemprop=\"ImageObject\" itemscope=\"itemscope\" itemtype=\"https:\/\/schema.org\/ImageObject\"  ><div class='avia-image-container-inner'><img class='avia_image ' src='https:\/\/mindbloom.de\/wp-content\/uploads\/2018\/05\/iStock-660288326-1030x687.jpg' alt='' title='Smiling beauty'   itemprop=\"thumbnailUrl\"  \/><\/div><\/div><\/div><div class=\"flex_column av_three_fifth  flex_column_div av-zero-column-padding   \" style='border-radius:0px; '><section class=\"av_textblock_section \"  itemscope=\"itemscope\" itemtype=\"https:\/\/schema.org\/CreativeWork\" ><div class='avia_textblock  '   itemprop=\"text\" ><h5><strong>Eva, 28 Jahre*<\/strong><\/h5>\n<h2><strong>Schluss mit dem Rauchen. <\/strong><\/h2>\n<p>Diese Geschichte zeigt, wie gut MindBloom auch bei Erwachsenen funktioniert. <strong>Eva kam in meine Praxis, weil sie mit dem Rauchen aufh\u00f6ren wollte.<\/strong> Nach einem Vorgespr\u00e4ch begann ich mit der Hypnose, sehr schnell war Miriam im hypnotischen Zustand.<\/p>\n<p>Gemeinsam &#8222;spulten&#8220; wir ihre Erinnerung zur\u00fcck bis zu ihrer ersten Zigarette. Sie erinnerte sich: Damals war sie 23 Jahre, im Studium, und wurde in der Gruppe dazu \u00fcberredet. Wie eine &#8222;schwarze Schleimplatte&#8220; in der Herzgegend f\u00fchlte sich die erste Zigarette f\u00fcr sie an. Wir gingen noch weiter zur\u00fcck um zu schauen, ob die schwarze Schleimplatte schon vorher auftauchen w\u00fcrde. Und siehe da: Bereits im Mutterleib f\u00fchlte Miriam diese schwarze Schleimplatte. \u201eDie hat mir meine Mutter gegeben. Sie raucht auch.\u201c Was einem nicht geh\u00f6rt, kann man auch wieder zur\u00fcckgeben. Also gab Miriam ihrer Mutter die \u201eschwarze Schleimplatte\u201c zur\u00fcck und ersetzte die \u201eL\u00fccke\u201c durch warmes Sonnenlicht.<\/p>\n<p>Aber wann wurde das Rauchen zur Sucht? Wir reisten weiter durch Miriams Erinnerungen: Sie sieht wieder vor sich, wie sie ihre erste Schachtel Zigaretten kauft. Was war da? Miriam erinnert sich weinend: Ihr Bruder hatte sich zuvor das Leben genommen. Wie ein grauer Stein im Magen f\u00fchlte sich diese Erinnerung an. Auch diesen Fremdk\u00f6rper entfernten wir in der Hypnose. Und wir stellten uns vor, dass an dieser Stelle nun bunte Blumen sind!<\/p>\n<p>Der pl\u00f6tzlicheTod des Bruder war der Ausl\u00f6ser f\u00fcr ihre Sucht. Ihr war es vorher nicht bewusst.<\/p>\n<p>Und noch eine Visualisierung half Miriam: Ich bat sie, sich ihre Sucht als Mensch vorzustellen. Wie w\u00fcrde diese Person aussehen? &#8222;Ein alter, grauer, stinkender, ekelhafter Mann&#8220;, beschrieb Miriam das personifizierte Rauchen. Der Mann hielt sie wie eine Marionette an F\u00e4den fest. Ich gab ihr ein virtuelles Werkzeug: eine Gartenschere. Damit schnitt sie die F\u00e4den durch und machte sich frei vom alten Mann. \u201eMit dem will ich nichts mehr zu tun haben!\u201c<\/p>\n<p><strong>Das Ergebnis: Miriam r\u00fchrte seitdem keine Zigarette mehr an \u2013 nach nur einer MindBloom Hypnose Sitzung.<\/strong><\/p>\n<\/div><\/section><br \/>\n<div  class='hr hr-default  '><span class='hr-inner ' ><span class='hr-inner-style'><\/span><\/span><\/div><\/p><\/div><\/div><\/div><\/div><!-- close content main div --><\/div><\/div><div id='after_section_1' class='main_color av_default_container_wrap container_wrap sidebar_right'   ><div class='container' ><div class='template-page content  av-content-small alpha units'><div class='post-entry post-entry-type-page post-entry-3559'><div class='entry-content-wrapper clearfix'>\n","protected":false},"excerpt":{"rendered":"","protected":false},"author":1,"featured_media":0,"parent":0,"menu_order":0,"comment_status":"closed","ping_status":"closed","template":"","meta":{"footnotes":""},"_links":{"self":[{"href":"https:\/\/mindbloom.de\/index.php?rest_route=\/wp\/v2\/pages\/3559"}],"collection":[{"href":"https:\/\/mindbloom.de\/index.php?rest_route=\/wp\/v2\/pages"}],"about":[{"href":"https:\/\/mindbloom.de\/index.php?rest_route=\/wp\/v2\/types\/page"}],"author":[{"embeddable":true,"href":"https:\/\/mindbloom.de\/index.php?rest_route=\/wp\/v2\/users\/1"}],"replies":[{"embeddable":true,"href":"https:\/\/mindbloom.de\/index.php?rest_route=%2Fwp%2Fv2%2Fcomments&post=3559"}],"version-history":[{"count":2,"href":"https:\/\/mindbloom.de\/index.php?rest_route=\/wp\/v2\/pages\/3559\/revisions"}],"predecessor-version":[{"id":3569,"href":"https:\/\/mindbloom.de\/index.php?rest_route=\/wp\/v2\/pages\/3559\/revisions\/3569"}],"wp:attachment":[{"href":"https:\/\/mindbloom.de\/index.php?rest_route=%2Fwp%2Fv2%2Fmedia&parent=3559"}],"curies":[{"name":"wp","href":"https:\/\/api.w.org\/{rel}","templated":true}]}}