{"id":3563,"date":"2018-05-11T11:06:00","date_gmt":"2018-05-11T09:06:00","guid":{"rendered":"http:\/\/mindbloom.de\/?page_id=3563"},"modified":"2018-05-11T11:08:43","modified_gmt":"2018-05-11T09:08:43","slug":"fallbeispiel-martin","status":"publish","type":"page","link":"https:\/\/mindbloom.de\/?page_id=3563","title":{"rendered":"Fallbeispiel: Martin"},"content":{"rendered":"<\/div><\/div><\/div><!-- close content main div --><\/div><\/div><div id='av_section_1' class='avia-section main_color avia-section-default avia-no-shadow avia-bg-style-scroll   container_wrap sidebar_right'   ><div class='container' ><div class='template-page content  av-content-small alpha units'><div class='post-entry post-entry-type-page post-entry-3563'><div class='entry-content-wrapper clearfix'>\n<div  class='hr hr-default  '><span class='hr-inner ' ><span class='hr-inner-style'><\/span><\/span><\/div>\n<div class=\"flex_column av_two_fifth  flex_column_div first  \" ><div class='avia-image-container  av-styling- av-hover-grow   avia-align-center '  itemprop=\"ImageObject\" itemscope=\"itemscope\" itemtype=\"https:\/\/schema.org\/ImageObject\"  ><div class='avia-image-container-inner'><img class='avia_image ' src='https:\/\/mindbloom.de\/wp-content\/uploads\/2018\/05\/iStock-807691026-1030x687.jpg' alt='' title='Handsome man portrait outdoors'   itemprop=\"thumbnailUrl\"  \/><\/div><\/div><\/div><div class=\"flex_column av_three_fifth  flex_column_div av-zero-column-padding   \" style='border-radius:0px; '><section class=\"av_textblock_section \"  itemscope=\"itemscope\" itemtype=\"https:\/\/schema.org\/CreativeWork\" ><div class='avia_textblock  '   itemprop=\"text\" ><h5><strong>Martin, 28 Jahre* <\/strong><\/h5>\n<h2><strong>Der Sieg gegen mich selbst. <\/strong><\/h2>\n<p><strong>Martin kam zu mir, um sich mental auf seinen W\u00fcstenlauf vorzubereiten.<\/strong> In Hypnose lasse ich ihn als Gepard durch die W\u00fcste laufen und verleihe ihm dabei die ganzen F\u00e4higkeiten und Kr\u00e4fte dieses Tieres: Mutig, kraftvoll und stark lasse ich ihn \u00fcber den hei\u00dfen W\u00fcstenboden laufen. Immer sein Ziel vor den Augen. Erster m\u00f6chte er werden. Gut trainiert ist er.<\/p>\n<p>Doch der Gepard l\u00e4sst ihn schnell au\u00dfer Atem kommen. \u201eDer ist ja superschnell, aber auch schnell au\u00dfer Atem! Ich will ein W\u00fcstenfuchs sein! Der ist ausdauernder, schlau und flink!\u201c<\/p>\n<p>Also l\u00e4uft er in Hypnose als Fuchs durch die W\u00fcste und pumpt sich selber mit all den Ressourcen des W\u00fcstenfuchses auf.<\/p>\n<p><strong>Mit Hilfe von Selbsthypnosetechniken kann er sich zu jeder Zeit an jedem Ort mental auf jedes Rennen perfekt vorbereiten.<\/strong><\/p>\n<\/div><\/section><br \/>\n<div  class='hr hr-default  '><span class='hr-inner ' ><span class='hr-inner-style'><\/span><\/span><\/div><\/p><\/div><\/div><\/div><\/div><!-- close content main div --><\/div><\/div><div id='after_section_1' class='main_color av_default_container_wrap container_wrap sidebar_right'   ><div class='container' ><div class='template-page content  av-content-small alpha units'><div class='post-entry post-entry-type-page post-entry-3563'><div class='entry-content-wrapper clearfix'>\n","protected":false},"excerpt":{"rendered":"","protected":false},"author":1,"featured_media":0,"parent":0,"menu_order":0,"comment_status":"closed","ping_status":"closed","template":"","meta":{"footnotes":""},"_links":{"self":[{"href":"https:\/\/mindbloom.de\/index.php?rest_route=\/wp\/v2\/pages\/3563"}],"collection":[{"href":"https:\/\/mindbloom.de\/index.php?rest_route=\/wp\/v2\/pages"}],"about":[{"href":"https:\/\/mindbloom.de\/index.php?rest_route=\/wp\/v2\/types\/page"}],"author":[{"embeddable":true,"href":"https:\/\/mindbloom.de\/index.php?rest_route=\/wp\/v2\/users\/1"}],"replies":[{"embeddable":true,"href":"https:\/\/mindbloom.de\/index.php?rest_route=%2Fwp%2Fv2%2Fcomments&post=3563"}],"version-history":[{"count":3,"href":"https:\/\/mindbloom.de\/index.php?rest_route=\/wp\/v2\/pages\/3563\/revisions"}],"predecessor-version":[{"id":3566,"href":"https:\/\/mindbloom.de\/index.php?rest_route=\/wp\/v2\/pages\/3563\/revisions\/3566"}],"wp:attachment":[{"href":"https:\/\/mindbloom.de\/index.php?rest_route=%2Fwp%2Fv2%2Fmedia&parent=3563"}],"curies":[{"name":"wp","href":"https:\/\/api.w.org\/{rel}","templated":true}]}}