{"id":3581,"date":"2018-06-04T11:32:05","date_gmt":"2018-06-04T09:32:05","guid":{"rendered":"http:\/\/mindbloom.de\/?page_id=3581"},"modified":"2018-06-04T18:01:55","modified_gmt":"2018-06-04T16:01:55","slug":"datenschutz","status":"publish","type":"page","link":"https:\/\/mindbloom.de\/?page_id=3581","title":{"rendered":"Datenschutz"},"content":{"rendered":"<div class=\"content\">\n<h1>Datenschutzerkl\u00e4rung<\/h1>\n<p>\u00dcber Ihren Besuch auf der Internetseite und Ihr Interesse am Unternehmen, und Dienstleistungen freut sich die Praxis \u201emindbloom\u201c.\u00a0 Da Ihnen und uns der Schutz und der sorgf\u00e4ltige Umgang mit Ihren pers\u00f6nlichen Daten wichtig sind, werden im Folgenden kurz die wichtigsten Aspekte unserer Datenspeicherung erl\u00e4utert. Wir freuen uns \u00fcber Ihr Vertrauen und versichern, dass wir gewissenhaft mit Ihren Informationen umgehen und alle rechtlichen Vorgaben, insbesondere die des Bundesdatenschutzgesetzes und der Datenschutz-Grundverordnung (BDSG &amp; DS-GVO), einhalten.<\/p>\n<p>&nbsp;<\/p>\n<p><strong>Personenbezogene Daten<\/strong><\/p>\n<p>Personenbezogene Daten sind Einzelangaben \u00fcber pers\u00f6nliche oder sachliche Verh\u00e4ltnisse einer bestimmten oder bestimmbaren nat\u00fcrlichen Person. Darunter fallen freiwillig zur Verf\u00fcgung gestellte Informationen unter anderem Name, Anschrift, Telefonnummer oder E-Mail-Adresse. Sie geben diese Daten z. B. auf Kontakt- und Registrierungsseiten an. Nicht personenbezogene Daten sind Informationen, die nicht direkt mit Ihrer wirklichen Identit\u00e4t in Verbindung gebracht werden k\u00f6nnen, wie beispielsweise die IP-Adresse.<\/p>\n<p>&nbsp;<\/p>\n<p><strong>Erhebung, Verarbeitung und Nutzung von Daten<\/strong><\/p>\n<p>Die Praxis \u201emindbloom\u201c\u00a0erhebt, verarbeitet und nutzt (im Folgenden: \u201everwendet\u201c) die von Ihnen zur Verf\u00fcgung gestellten personenbezogenen Daten soweit es f\u00fcr die Begr\u00fcndung, Durchf\u00fchrung oder Beendigung eines rechtsgesch\u00e4ftlichen oder rechtsgesch\u00e4fts\u00e4hnlichen Schuldverh\u00e4ltnisses mit Ihnen erforderlich ist. Ein solches Verh\u00e4ltnis entsteht etwa dann, wenn Sie sich f\u00fcr einen Newsletter anmelden,\u00a0 oder mit uns Kontakt aufnehmen, um Informationen \u00fcber uns oder unsere Leistungen zu bekommen. In derartigen F\u00e4llen verwenden wir Ihre personenbezogenen Daten, um Ihr jeweiliges Anliegen bearbeiten zu k\u00f6nnen. Es ist Ihre freie Entscheidung, ob Sie uns Ihre Daten zu den genannten Zwecken mitteilen.<\/p>\n<p>F\u00fcr die Praxis \u201emindbloom\u201c kann es bei der Bearbeitung Ihres Anliegens erforderlich sein, Ihre personenbezogenen Daten an andere verbundene Unternehmen oder an externe Dienstleister\u00a0weiterzugeben. Derartige Dienstleister k\u00f6nnten beispielsweise mit der Versendung von Newslettern oder Rechnungen an Sie beauftragt sein. Die Praxis \u201emindbloom\u201c verlangt von seinen externen Dienstleistern, dass diese Ihre personenbezogenen Daten ausschlie\u00dflich konform mit unseren Vorgaben und im Einklang mit dieser Datenschutzerkl\u00e4rung sowie den gesetzlichen Anforderungen zur Auftragsdatenverarbeitung verwenden. Externen Dienstleistern ist es untersagt, Ihre Daten f\u00fcr andere Zwecke als f\u00fcr die Erbringung der Dienstleistung f\u00fcr die Praxis \u201emindbloom\u201c zu verwenden.<\/p>\n<p>Im \u00dcbrigen geben wir ohne Ihre Einwilligung personenbezogene Daten weder an Dritte weiter, noch verkaufen, vermieten, \u00fcberlassen oder tauschen wir Daten.<\/p>\n<p>&nbsp;<\/p>\n<p><strong>Google Analytics<\/strong><\/p>\n<p>Diese Website benutzt Google Analytics, einen Webanalysedienst der Google Inc. (\u201eGoogle\u201c). Google Analytics verwendet sog. \u201eCookies\u201c, Textdateien, die auf Ihrem Computer gespeichert werden und die eine Analyse der Benutzung der Website durch Sie erm\u00f6glichen. Die durch\u00a0 sogenannte Cookies erzeugten Informationen \u00fcber Ihre Benutzung dieser Website werden in der Regel an einen Server von Google in den USA \u00fcbertragen und dort gespeichert. Auf dieser Webseite wurde eine so genannte IP-Anonymisierung aktiviert und Google Analytics wurde um den Code &#8222;gat._anonymizeIp();&#8220; erweitert, um eine anonymisierte Erfassung von IP-Adressen (sogenanntes IP-Masking) zu gew\u00e4hrleisten. Dadurch wird Ihre IP-Adresse von Google innerhalb von Mitgliedstaaten der Europ\u00e4ischen Union oder in anderen Vertragsstaaten des Abkommens \u00fcber den Europ\u00e4ischen Wirtschaftsraum zuvor gek\u00fcrzt. Nur in Ausnahmef\u00e4llen wird die volle IP-Adresse an einen Server von Google in den USA \u00fcbertragen und dort gek\u00fcrzt. Im Auftrag des Betreibers dieser Website wird Google diese Informationen benutzen, um Ihre Nutzung der Website auszuwerten, um Reports \u00fcber die Websiteaktivit\u00e4ten zusammenzustellen und um weitere mit der Websitenutzung und der Internetnutzung verbundene Dienstleistungen gegen\u00fcber dem Websitebetreiber zu erbringen. Die im Rahmen von Google Analytics von Ihrem Browser \u00fcbermittelte IP-Adresse wird nicht mit anderen Daten von Google zusammengef\u00fchrt. Sie k\u00f6nnen die Speicherung der Cookies durch eine entsprechende Einstellung Ihrer Browser-Software verhindern; wir weisen Sie jedoch darauf hin, dass Sie in diesem Fall gegebenenfalls nicht s\u00e4mtliche Funktionen dieser Website vollumf\u00e4nglich werden nutzen k\u00f6nnen. Sie k\u00f6nnen dar\u00fcber hinaus die Erfassung der durch das Cookie erzeugten und auf Ihre Nutzung der Website bezogenen Daten (inkl. Ihrer IP-Adresse) an Google sowie die Verarbeitung dieser Daten durch Google verhindern, indem sie ein entsprechendes Deaktivierungs-Browser-Plugin herunterladen und installieren.<\/p>\n<p>&nbsp;<\/p>\n<p><strong>Weitere Implementierte Google Analytics Funktionen:<\/strong><\/p>\n<p>Der auf dieser Webseite implementierte Google Analytics Code unterst\u00fctzt Google Analytics Werbefunktionen. Auf dieser Webseite ist die Werbefunktion Remarketing aktiviert. \u201emindbloom\u201c und Drittanbieter, einschlie\u00dflich Google, verwenden dabei Cookies. Der kombinierte Einsatz von Erstanbieter-Cookies und Drittanbieter-Cookies erlaubt auf Grundlage Ihrer Besuche auf dieser Webseite eine zielgerichtete Anzeigenausrichtung und Anzeigenschaltung. Cookies von Google k\u00f6nnen Sie ausschalten, indem Sie interessensbezogene Anzeigen von Google in den Anzeigeneinstellungen deaktivieren.<\/p>\n<p>Dar\u00fcber hinaus werden auf dieser Webseite die Google Analytics Funktionen \u201eBerichte zur Leistung nach demografischen Merkmalen und Interesse\u201c genutzt.<\/p>\n<p>&nbsp;<\/p>\n<p><strong>Google Maps API<\/strong><\/p>\n<p>\u201emindbloom\u201c verwendet Google Maps API, um geographische Informationen visuell darzustellen. Bei der Nutzung von Google Maps werden von Google auch Daten \u00fcber die Nutzung der Maps-Funktionen durch Besucher der Webseiten erhoben, verarbeitet und genutzt. Zus\u00e4tzliche Nutzungsbedingungen von Google Maps<\/p>\n<p>https:\/\/www.google.com\/intl\/de_de\/help\/terms_maps.html<\/p>\n<p>N\u00e4here Informationen \u00fcber die Datenverarbeitung durch Google k\u00f6nnen den Datenschutzhinweisen von Google nachgelesen werden. Im Google Datenschutzcenter k\u00f6nnen die Einstellungen zum Datenschutz verwaltet werden: https:\/\/myaccount.google.com\/privacy<\/p>\n<p>&nbsp;<\/p>\n<p><strong>Soziale Netzwerke, z.B. \u201eFacebook\u201c<\/strong><\/p>\n<p>Auf unseren Websites k\u00f6nnen sogenannte Social Plugins (\u201ePlug-ins\u201c) von sozialen Netzwerken zum Einsatz kommen. Wir verwenden Plug-ins unterschiedlicher Anbieter, u.a. \u201eFacebook\u201c, dessen Internetauftritt facebook.com von der Facebook Inc., 1601 S. California Ave, Palo Alto, CA 94304, USA betrieben wird. F\u00fcr die deutsche Website facebook.de ist die Facebook Ireland Limited, Hanover Reach, 5-7 Hanover Quay, Dublin 2, Ireland verantwortlich.\u00a0 Weiterhin verwenden wir Plug-ins von \u201eGoogle+\u201c (Anbieter: Google Inc., Amphitheatre Parkway, Mountain View, CA 94043, USA),\u00a0 \u201eTwitter\u201c (Anbieter: Twitter, Inc., 1355 Market St, Suite 900, San Francisco, CA 94103) sowie \u201eXing\u201c (Anbieter: XING AG, Dammtorstra\u00dfe 29-32, 20354 Hamburg, Deutschland). Die Plug-ins sind in der Regel mit dem jeweils dazu geh\u00f6rigen Logo gekennzeichnet.<\/p>\n<p>Die nachfolgenden Erl\u00e4uterungen zu \u201eFacebook\u201c gelten entsprechend f\u00fcr die drei anderen Anbieter. Weitere Hinweise zur Datenverwendung bei \u201eGoogle+\u201c,\u00a0 \u201eTwitter\u201c bzw. \u201eXing\u201c finden Sie unter http:\/\/www.google.de\/intl\/de\/policies\/privacy\/, http:\/\/twitter.com\/privacy bzw. https:\/\/www.xing.com\/privacy.<\/p>\n<p>Wenn Sie eine unserer Websites besuchen, die ein Plug-in enth\u00e4lt, stellt Ihr Internetbrowser eine Verbindung zu den Servern von Facebook her und die Information, dass Sie unsere Website besucht haben, wird an Facebook weitergeleitet, auch wenn Sie nicht bei Facebook angemeldet sind und unabh\u00e4ngig davon, ob Sie die Plug-ins tats\u00e4chlich bet\u00e4tigen, d.h. anklicken.<\/p>\n<p>Falls Sie w\u00e4hrend des Besuchs unserer Website \u00fcber Ihr Benutzerkonto bei Facebook angemeldet sind, kann Facebook den Aufruf unserer Website Ihrem Benutzerkonto zuordnen. Klicken Sie den \u201eGef\u00e4llt mir\u201c-Button an, wird dies an Facebook \u00fcbermittelt und dort gespeichert, insb. um die \u201eGef\u00e4llt mir\u201c-Informationen mit Ihren Facebook-Freunden zu teilen. Gleiches geschieht auch dann, wenn Sie die auf einigen unserer Websites zur Verf\u00fcgung gestellte Funktionen \u201eWeitersagen\u201c, \u201eShare\u201c bzw. \u201eMit Freunden teilen\u201c nutzen. Die Art und den Umfang der an Facebook \u00fcbermittelten Daten k\u00f6nnen wir nicht beeinflussen. Auch wissen wir im Einzelnen nicht, welche Ihrer Daten an Facebook \u00fcbermittelt werden und zu welchem Zweck Facebook diese Daten verwendet. \u00dcbermittelt wird jedenfalls Ihre IP-Adresse sowie nach eigenen Angaben von Facebook Informationen \u00fcber die besuchte Webseite, das Datum und die Uhrzeit des Besuchs sowie andere browserbezogene Informationen. Weitere Informationen von Facebook finden Sie hier: http:\/\/www.facebook.com\/help\/?faq=186325668085084<\/p>\n<p>Wenn Sie nicht wollen, dass Facebook den Besuch unserer Website Ihrem dortigen Nutzerkonto zuordnen kann, m\u00fcssen Sie sich vor dem Aufruf unserer Website von Ihrem Facebook-Benutzerkonto abmelden. Weitere Informationen zur Erhebung, Speicherung und Verwendung Ihrer personenbezogenen Daten durch Facebook sowie die Ihnen zur Verf\u00fcgung stehenden Einstellungsm\u00f6glichkeiten zum Schutz Ihrer personenbezogenen Daten finden Sie in den Datenschutzhinweisen von Facebook unter www.facebook.com\/about\/privacy\/.<\/p>\n<p>Automatisch gespeicherte Informationen beim Besuch unserer Websites \/ Verwendung von Cookies<\/p>\n<p>&nbsp;<\/p>\n<p><strong>Webserver-Protokolle<\/strong><\/p>\n<p>Wie bei nahezu allen Internetseiten \u00fcblich, sammelt der Server, auf dem sich unsere Internetseiten befinden (nachstehend \u201eWebserver\u201c genannt), automatisch Informationen in Webserver-Protokollen, wenn Sie uns im Internet besuchen. Der Webserver erkennt automatisch bestimmte, nicht personenbezogene Daten wie beispielsweise Ihre IP-Adresse, das Datum und die Uhrzeit, zu denen Sie auf unserer Seite sind, die von Ihnen auf unserer Internetseite besuchten Seiten, die Internetseite, auf der Sie zuvor waren, den von Ihnen verwendeten Browser (z.B. Internet Explorer), das von Ihnen verwendete Betriebssystem (z.B. Windows 2000) sowie den Domainnamen und die Adresse Ihres Internet-Providers (z.B. AOL). Falls unsere Internetseite Cookies verwendet, speichert der Webserver auch Information hier\u00fcber. Wir werten diese Server-Protokolle regelm\u00e4\u00dfig aus, damit wir feststellen k\u00f6nnen, welche Seiten unseres Internetauftritts besucht werden. So erhalten wir eine genauere Vorstellung davon, wie unsere Internetseite genutzt wird und wie wir unser Angebot weiter optimieren k\u00f6nnen. Au\u00dferdem k\u00f6nnen wir diese Informationen im Falle eines Systemmissbrauchs in Zusammenarbeit mit Ihrem Internet-Provider und\/oder Beh\u00f6rden vor Ort verwenden, um den Urheber dieses Missbrauchs zu ermitteln. Eine Einzelprofilbildung \u00fcber Ihr Nutzungsverhalten findet nicht statt. Ein Personenbezug kann daraus nicht abgeleitet werden, eine Weitergabe der Daten an Dritte, auch in Ausz\u00fcgen, findet nicht statt. Eine Zusammenf\u00fchrung dieser Daten mit anderen Datenquellen wird nicht vorgenommen. Dar\u00fcber hinausgehende personenbezogene Angaben wie Name, Anschrift, Telefonnummer oder E-Mail-Adresse werden nicht erfasst, es sei denn, diese Angaben werden von Ihnen freiwillig gemacht, etwa im Rahmen einer Anfrage oder Registrierung.<\/p>\n<p>&nbsp;<\/p>\n<p><strong>Cookies<\/strong><\/p>\n<p>Wir setzen auf unserer Website sogenannte \u201eCookies\u201c ein. Cookies sind kleine Textdateien, die von Ihrem Browser auf der Festplatte Ihres Computers abgelegt werden. Die Textinformation, die die besuchte Seite \u00fcber den Browser platziert, wird beim ersten Besuch einer Website heruntergeladen. Wenn Sie diese Seite mit demselben Ger\u00e4t ein weiteres Mal besuchen, pr\u00fcft der Browser, ob ein entsprechender Cookie vorhanden ist. Er sendet die in dem Cookie gespeicherten Daten zur\u00fcck zur Internetseite. Auf diese Weise k\u00f6nnen Internetseiten erkennen, ob der Browser diese bereits besucht hat und sich die Einstellungen \u201emerken\u201c. In einigen F\u00e4llen k\u00f6nnen entsprechend variierende Inhalte (z.B. unterschiedliche Bildansprache bei Frauen und M\u00e4nnern) angezeigt werden. Cookies beinhalten ausschlie\u00dflich Informationen und k\u00f6nnen keine schadhaften Anwendungen ausf\u00fchren.<\/p>\n<p>Die Verwendung der Cookies dient dazu, unser Angebot nutzerfreundlicher, effektiver und sicherer zu machen. Cookies k\u00f6nnen Ihre Einstellungen speichern, uns Informationen \u00fcber Ihre Verwendung unserer Internetseite vermitteln und Inhalte anzeigen, die Ihren Interessen und Bed\u00fcrfnissen st\u00e4rker entsprechen. Die von uns eingesetzten Cookies speichern keine personenbezogenen Daten, so dass eine pers\u00f6nliche Identifikation ausgeschlossen ist.<\/p>\n<p>Cookies richten auf Ihrem Rechner keinen Schaden an und enthalten keine Viren.<\/p>\n<p>Die meisten Browser sind so eingestellt, dass sie Cookies automatisch akzeptieren. Sie k\u00f6nnen das Speichern von Cookies jedoch deaktivieren oder Ihren Browser so einstellen, dass er Sie benachrichtigt, sobald Cookies gesendet werden.<\/p>\n<p>Die Vorgehensweise beim Kontrollieren und L\u00f6schen von Cookies ist von dem verwendeten Browser abh\u00e4ngig. Informationen dazu finden Sie in der Hilfe Ihres Browsers.<\/p>\n<p>&nbsp;<\/p>\n<p><strong>Remarketing<\/strong><\/p>\n<p>Wir setzen sogenannte Remarketing-Technologien ein, wie beispielsweise die google Analytics Werbefunktionen, um Internetnutzer, die sich bereits f\u00fcr unser Angebot interessiert haben, auf Webseiten unserer Partner mit individuell gestalteter Werbung anzusprechen und um anonymisierte Nutzerprofile zu erstellen, mit deren Hilfe \u00e4hnliche Nutzergruppen im Internet zu Marketingzwecken angesprochen werden k\u00f6nnen. Um interessenbezogene Werbung auf den Webseiten unserer Partner auszuspielen wird ein Cookie auf Ihrem Rechner gespeichert. Diese Form der Werbung erfolgt v\u00f6llig anonymisiert. Es werden keine personenbezogenen oder sensiblen Daten gespeichert und es werden auch keine Nutzungsprofile mit Ihren personenbezogenen Daten zusammengef\u00fchrt.<\/p>\n<p>Grunds\u00e4tzlich k\u00f6nnen Sie \u00fcber Ihre Browsereinstellungen den Einsatz von Cookies steuern und beispielsweise das Speichern von tempor\u00e4ren Cookies nur mit Ihrer Zustimmung akzeptieren. N\u00e4here Informationen dazu finden Sie in der Hilfe Funktion Ihres Internet Browsers.<\/p>\n<p>Cookies von Google k\u00f6nnen Sie ausschalten, indem Sie interessensbezogene Anzeigen von Google in den Anzeigeneinstellungen deaktivieren.<\/p>\n<p>Alternativ k\u00f6nnen Sie die Verwendung von Cookies durch Drittanbieter deaktivieren, in dem Sie die Deaktivierungsseite\u00a0\u00a0 der Netzwerkwerbeinitiative aufrufen.<\/p>\n<p>&nbsp;<\/p>\n<p><strong>Widerruf<\/strong><\/p>\n<p>Ihre Einwilligung daf\u00fcr, dass wir Ihre personenbezogenen Daten erheben, verarbeiten und nutzen d\u00fcrfen, k\u00f6nnen Sie jederzeit mit Wirkung f\u00fcr die Zukunft widerrufen. Ausnahme hiervon sind etwaige gesetzliche Vorschriften zur Datenerhebung.<\/p>\n<p>Die Widerrufserkl\u00e4rung kann abgegeben werden unter:<\/p>\n<p>dkland@t-online.de<\/p>\n<p>oder per Post \/ Brief an:<\/p>\n<p>mindbloom<\/p>\n<p>Doris Karrenberg-Land<\/p>\n<p>Dickstr. 38<\/p>\n<p>53773 Hennef<\/p>\n<p>G\u00fcltigkeitsbereich<\/p>\n<p>Diese Datenschutzerkl\u00e4rung gilt f\u00fcr den \u201emindbloom\u201c \u00a0Internet-Auftritt sowie f\u00fcr verbundene Unternehmen, nicht aber f\u00fcr Seiten anderer Anbieter (Links). F\u00fcr externe Links zu fremden Inhalten k\u00f6nnen wir trotz sorgf\u00e4ltiger inhaltlicher Kontrolle keine Haftung \u00fcbernehmen.<\/p>\n<p>Datensicherheit<\/p>\n<p>Wir haben technische und organisatorische Ma\u00dfnahmen getroffen, um Ihre Daten vor Verlust, Ver\u00e4nderung oder Fremdzugriff zu sch\u00fctzen.<\/p>\n<p>&nbsp;<\/p>\n<p><strong>Beschwerderecht<\/strong><\/p>\n<p>Art. 13 Absatz (2) d<\/p>\n<p>Sie haben das Recht gegen die Datenverarbeitung bei der zust\u00e4ndigen Beh\u00f6rde Beschwerde zu erheben.<\/p>\n<p>&nbsp;<\/p>\n<p><strong>Auskunfts- und Korrekturrecht (Art. 13 (2) b)<\/strong><\/p>\n<p>Wenn Sie die Einschr\u00e4nkung der Verarbeitung Ihrer personenbezogenen Daten w\u00fcnschen, diese \u00e4ndern oder l\u00f6schen wollen oder Auskunft dar\u00fcber m\u00f6chten, welche Daten zu Ihrer Person vorliegen, wer die Empf\u00e4nger der Daten sind oder was der Zweck der Speicherung ist, wenden Sie sich bitte\u00a0 schriftlich an Doris Karrenberg-Land.<\/p>\n<p>Kontakt:<\/p>\n<p>Mindbloom<\/p>\n<p>Heilpraktikerin<\/p>\n<p>Doris Karrenberg-Land<\/p>\n<p>Dickstr. 38<\/p>\n<p>53773 Hennef<\/p>\n<p>&nbsp;<\/p>\n<p><strong>Aktualisierung und \u00c4nderung<\/strong><\/p>\n<p>Aufgrund aktueller Gegebenheiten, wie z.B. einer Novellierung des Bundesdatenschutzgesetzes, beh\u00e4lt sich \u201emindbloom\u201c \u00a0vor, diese Datenschutzerkl\u00e4rung zu aktualisieren und zu \u00e4ndern.<\/p>\n<p>Wir freuen uns \u00fcber Ihr Vertrauen und versichern, dass wir gewissenhaft mit Ihren Informationen umgehen und alle rechtlichen Vorgaben, insbesondere die des Bundesdatenschutzgesetzes und der Datenschutz-Grundverordnung\u00a0\u00a0 (BDSG &amp; DS-GVO), einhalten.<\/p>\n<p>Stand: 19.05.18<\/p>\n<\/div>\n","protected":false},"excerpt":{"rendered":"<p>Datenschutzerkl\u00e4rung \u00dcber Ihren Besuch auf der Internetseite und Ihr Interesse am Unternehmen, und Dienstleistungen freut sich die Praxis \u201emindbloom\u201c.\u00a0 Da Ihnen und uns der Schutz und der sorgf\u00e4ltige Umgang mit Ihren pers\u00f6nlichen Daten wichtig sind, werden im Folgenden kurz die wichtigsten Aspekte unserer Datenspeicherung erl\u00e4utert. Wir freuen uns \u00fcber Ihr Vertrauen und versichern, dass wir [&hellip;]<\/p>\n","protected":false},"author":1,"featured_media":0,"parent":0,"menu_order":0,"comment_status":"closed","ping_status":"closed","template":"","meta":{"footnotes":""},"_links":{"self":[{"href":"https:\/\/mindbloom.de\/index.php?rest_route=\/wp\/v2\/pages\/3581"}],"collection":[{"href":"https:\/\/mindbloom.de\/index.php?rest_route=\/wp\/v2\/pages"}],"about":[{"href":"https:\/\/mindbloom.de\/index.php?rest_route=\/wp\/v2\/types\/page"}],"author":[{"embeddable":true,"href":"https:\/\/mindbloom.de\/index.php?rest_route=\/wp\/v2\/users\/1"}],"replies":[{"embeddable":true,"href":"https:\/\/mindbloom.de\/index.php?rest_route=%2Fwp%2Fv2%2Fcomments&post=3581"}],"version-history":[{"count":3,"href":"https:\/\/mindbloom.de\/index.php?rest_route=\/wp\/v2\/pages\/3581\/revisions"}],"predecessor-version":[{"id":3588,"href":"https:\/\/mindbloom.de\/index.php?rest_route=\/wp\/v2\/pages\/3581\/revisions\/3588"}],"wp:attachment":[{"href":"https:\/\/mindbloom.de\/index.php?rest_route=%2Fwp%2Fv2%2Fmedia&parent=3581"}],"curies":[{"name":"wp","href":"https:\/\/api.w.org\/{rel}","templated":true}]}}