{"id":4156,"date":"2020-05-22T12:20:55","date_gmt":"2020-05-22T10:20:55","guid":{"rendered":"http:\/\/mindbloom.de\/?page_id=4156"},"modified":"2020-05-22T12:42:14","modified_gmt":"2020-05-22T10:42:14","slug":"terminvergabe","status":"publish","type":"page","link":"https:\/\/mindbloom.de\/?page_id=4156","title":{"rendered":"Terminvergabe &#038; Videosprechstunde"},"content":{"rendered":"<div class=\"flex_column av_one_half  flex_column_div av-zero-column-padding first  \" style='border-radius:0px; '><p><div style='padding-bottom:10px;' class='av-special-heading av-special-heading-h3     '><h3 class='av-special-heading-tag '  itemprop=\"headline\"  >DER ERSTE SCHRITT ZUR HEILUNG IST EIN TERMIN<\/h3><div class='special-heading-border'><div class='special-heading-inner-border' ><\/div><\/div><\/div><br \/>\n<section class=\"av_textblock_section \"  itemscope=\"itemscope\" itemtype=\"https:\/\/schema.org\/CreativeWork\" ><div class='avia_textblock  '   itemprop=\"text\" ><p>\u00dcber Jameda k\u00f6nnen Sie direkt Online einen Termin mit mir vereinbaren. Sie k\u00f6nnen mich nat\u00fcrlich auch weiterhin direkt per Telefon erreichen und \u00fcber den gewohnten Weg einen Termin mit mir vereinbaren.<\/p>\n<\/div><\/section><br \/>\n<div  class='hr hr-default  '><span class='hr-inner ' ><span class='hr-inner-style'><\/span><\/span><\/div><br \/>\n<section class=\"av_textblock_section \"  itemscope=\"itemscope\" itemtype=\"https:\/\/schema.org\/CreativeWork\" ><div class='avia_textblock  '   itemprop=\"text\" ><p><a style=\"font-size: 16px; font-weight: bold; font-family: Arial,Helvetica Neue,sans-serif; padding: 10px 20px; border-radius: 100px; border: none; -webkit-box-shadow: none; box-shadow: none; outline: 0; cursor: pointer; text-decoration: none; -webkit-appearance: none; -moz-appearance: none; appearance: none; background-color: #01a3d4; color: #fff;\" href=\"https:\/\/www.jameda.de\/hennef\/heilpraktiker\/hypnose-therapie\/doris-karrenberg-land\/uebersicht\/81412620_1\/?utm_campaign=Kunden-Homepages&amp;utm_source=OTB-Button#js-bookingwizard\" target=\"_blank\" rel=\"noopener noreferrer\">Termin online buchen<\/a><\/p>\n<\/div><\/section><\/p><\/div><div class=\"flex_column av_one_half  flex_column_div av-zero-column-padding   \" style='border-radius:0px; '><p><div style='padding-bottom:10px;' class='av-special-heading av-special-heading-h3     '><h3 class='av-special-heading-tag '  itemprop=\"headline\"  >SIE HABEN BEREITS EINEN TERMIN VEREINBART<\/h3><div class='special-heading-border'><div class='special-heading-inner-border' ><\/div><\/div><\/div><br \/>\n<section class=\"av_textblock_section \"  itemscope=\"itemscope\" itemtype=\"https:\/\/schema.org\/CreativeWork\" ><div class='avia_textblock  '   itemprop=\"text\" ><p>\u00dcber diese Schaltfl\u00e4che kommen Sie direkt in meine Online-Konferenz &#8211; nachdem Sie hierf\u00fcr einen Termin vereinbart haben.<\/p>\n<\/div><\/section><br \/>\n<div  class='hr hr-default  '><span class='hr-inner ' ><span class='hr-inner-style'><\/span><\/span><\/div><br \/>\n<section class=\"av_textblock_section \"  itemscope=\"itemscope\" itemtype=\"https:\/\/schema.org\/CreativeWork\" ><div class='avia_textblock  '   itemprop=\"text\" ><p><a style=\"font-size: 16px; font-weight: bold; font-family: Arial,Helvetica Neue,sans-serif; padding: 10px 20px; border-radius: 100px; border: none; -webkit-box-shadow: none; box-shadow: none; outline: 0; cursor: pointer; text-decoration: none; -webkit-appearance: none; -moz-appearance: none; appearance: none; background-color: #01a3d4; color: #fff;\" href=\"https:\/\/www.jameda.de\/hennef\/heilpraktiker\/hypnose-therapie\/doris-karrenberg-land\/uebersicht\/81412620_1\/?utm_campaign=Kunden-Homepages&amp;utm_source=OVS-Button#js-bookingwizard\" target=\"_blank\" rel=\"noopener noreferrer\"><img decoding=\"async\" style=\"margin-right: 16px; transform: translate(0,2px);\" src=\"data:image\/svg+xml;base64,PHN2ZyB2ZXJzaW9uPSIxLjEiIHhtbG5zPSJodHRwOi8vd3d3LnczLm9yZy8yMDAwL3N2ZyIgd2lkdGg9IjI0cHgiIGhlaWdodD0iMTZweCIgdmlld0JveD0iMCA1IDMyIDIyIj48dGl0bGU+aWNvbi10ZWxlbWVkaWNpbmU8L3RpdGxlPjxwYXRoIGZpbGw9IiNmZmYiIGQ9Ik00LjExNCA4LjE1MWMtMC43NTcgMC0xLjM2MyAwLjYwNi0xLjM2MyAxLjM2M3YxMi45NzJjMCAwLjc1NyAwLjYwNiAxLjM2MyAxLjM2MyAxLjM2M2gxNS43OThjMC43NTcgMCAxLjM2My0wLjYwNiAxLjM2My0xLjM2M3YtMTIuOTcyYzAtMC43NTctMC42MDYtMS4zNjMtMS4zNjMtMS4zNjNoLTE1Ljc5OHpNLTAuMDI1IDkuNTE0YzAtMi4yNzEgMS44NDItNC4xMTQgNC4xMTQtNC4xMTRoMTUuNzk4YzIuMjcxIDAgNC4xMTQgMS44NDIgNC4xMTQgNC4xMTR2MS4yNjJsNC43OTUtMy4wMjhjMC4yMjctMC4xNzcgMC41MDUtMC4yMjcgMC43NTctMC4yMjdoMS43MTZjMC4zNTMgMCAwLjcwNyAwLjMwMyAwLjcwNyAwLjcwN3YxNS41OTZjMCAwLjQwNC0wLjMwMyAwLjcwNy0wLjcwNyAwLjcwN2gtMS43MTZjLTAuMjc4IDAtMC41My0wLjEwMS0wLjc1Ny0wLjIyN2wtNC43OTUtMy4wMjh2MS4yMzdjMCAyLjI3MS0xLjg0MiA0LjExNC00LjExNCA0LjExNGgtMTUuNzczYy0yLjI3MSAwLTQuMTE0LTEuODQyLTQuMTE0LTQuMTE0bC0wLjAyNS0xMi45OTd6TTI5LjI3NCAxMC43MjZsLTUuMTk5IDMuMjgxdjQuMDM4bDUuMTk5IDMuMjgxdi0xMC41OTl6Ij48L3BhdGg+PC9zdmc+\" alt=\"\" \/>Videosprechstunde<\/a><\/p>\n<\/div><\/section><\/p><\/div><\/p>\n","protected":false},"excerpt":{"rendered":"","protected":false},"author":1,"featured_media":0,"parent":0,"menu_order":0,"comment_status":"closed","ping_status":"closed","template":"","meta":{"footnotes":""},"_links":{"self":[{"href":"https:\/\/mindbloom.de\/index.php?rest_route=\/wp\/v2\/pages\/4156"}],"collection":[{"href":"https:\/\/mindbloom.de\/index.php?rest_route=\/wp\/v2\/pages"}],"about":[{"href":"https:\/\/mindbloom.de\/index.php?rest_route=\/wp\/v2\/types\/page"}],"author":[{"embeddable":true,"href":"https:\/\/mindbloom.de\/index.php?rest_route=\/wp\/v2\/users\/1"}],"replies":[{"embeddable":true,"href":"https:\/\/mindbloom.de\/index.php?rest_route=%2Fwp%2Fv2%2Fcomments&post=4156"}],"version-history":[{"count":7,"href":"https:\/\/mindbloom.de\/index.php?rest_route=\/wp\/v2\/pages\/4156\/revisions"}],"predecessor-version":[{"id":4158,"href":"https:\/\/mindbloom.de\/index.php?rest_route=\/wp\/v2\/pages\/4156\/revisions\/4158"}],"wp:attachment":[{"href":"https:\/\/mindbloom.de\/index.php?rest_route=%2Fwp%2Fv2%2Fmedia&parent=4156"}],"curies":[{"name":"wp","href":"https:\/\/api.w.org\/{rel}","templated":true}]}}