{"id":886,"date":"2013-04-02T13:54:52","date_gmt":"2013-04-02T13:54:52","guid":{"rendered":"http:\/\/www.kriesi.at\/themes\/enfold\/?page_id=886"},"modified":"2018-05-11T11:28:01","modified_gmt":"2018-05-11T09:28:01","slug":"team","status":"publish","type":"page","link":"https:\/\/mindbloom.de\/?page_id=886","title":{"rendered":"Fallbeispiel: Jonathan"},"content":{"rendered":"<\/div><\/div><\/div><!-- close content main div --><\/div><\/div><div id='av_section_1' class='avia-section main_color avia-section-default avia-no-shadow avia-bg-style-scroll   container_wrap sidebar_right'   ><div class='container' ><div class='template-page content  av-content-small alpha units'><div class='post-entry post-entry-type-page post-entry-886'><div class='entry-content-wrapper clearfix'>\n<div  class='hr hr-default  '><span class='hr-inner ' ><span class='hr-inner-style'><\/span><\/span><\/div>\n<div class=\"flex_column av_two_fifth  flex_column_div first  \" ><div class='avia-image-container  av-styling- av-hover-grow   avia-align-center '  itemprop=\"ImageObject\" itemscope=\"itemscope\" itemtype=\"https:\/\/schema.org\/ImageObject\"  ><div class='avia-image-container-inner'><img class='avia_image ' src='https:\/\/mindbloom.de\/wp-content\/uploads\/2018\/04\/iStock-171278263-1030x687.jpg' alt='' title='Cute little boy outdoors blowing bubbles'   itemprop=\"thumbnailUrl\"  \/><\/div><\/div><\/div><div class=\"flex_column av_three_fifth  flex_column_div av-zero-column-padding   \" style='border-radius:0px; '><section class=\"av_textblock_section \"  itemscope=\"itemscope\" itemtype=\"https:\/\/schema.org\/CreativeWork\" ><div class='avia_textblock  '   itemprop=\"text\" ><h5><strong>Jonathan, 10 Jahre*<\/strong><\/h5>\n<h2><strong>Kann sich im Unterricht nicht konzentrieren. <\/strong><\/h2>\n<p><strong>Mit MindBloom suchen wir nach der Ursache f\u00fcr Jonathans Konzentrationsschw\u00e4che.<\/strong> Wir spulen w\u00e4hrend der Hypnose im Lebensfilm von Jonathan zur\u00fcck. Beim Alter von 3 Jahren sprudelt es aus Jonathan pl\u00f6tzlich heraus: \u201eNein ich r\u00e4ume mein Zimmer nicht auf! Der Papa schimpft ganz doll mit mir, weil ich mein Zimmer nicht aufr\u00e4umen will!\u201c Jonathan beschreibt dieses Erlebnis als ein schwarzes Viereck links oben auf seiner Stirn.<\/p>\n<p>Wir spulen weiter in seinem Lebensfilm, finden aber keine anderen Erlebnisse, die im Zusammenhang mit Jonathans Konzentrationsschw\u00e4che stehen k\u00f6nnten.<\/p>\n<p>Es bleibt bei diesem einen Erlebnis, das aber ganz offensichtlich sehr schlimm und belastend f\u00fcr Jonathan war.<\/p>\n<p>Mit Hilfe von MindBloom entfernt Jonathan das schwarze Viereck von seiner Stirn und ersetzt es mit ganz viel Liebe.<\/p>\n<p>Jonathan berichtet mir au\u00dferdem, dass er sich bei L\u00e4rm einfach nicht konzentrieren kann. Also \u201einstallieren\u201c wir Jonathan noch magische Kopfh\u00f6rer, die er aktiviert kann, wenn laute Ger\u00e4usche seine Konzentration st\u00f6ren.<\/p>\n<p><strong>Seitdem l\u00e4sst er sich nicht mehr ablenken. Seine Konzentration wird von Tag zu Tag besser.<\/strong><\/p>\n<p><strong>Manchmal sind es aus Erwachsenensicht kleine Dinge, die ein Leben lang belasten. MindBloom hilft hier genauso wie bei schwerwiegenden, traumatischen Erlebnissen.<\/strong><\/p>\n<\/div><\/section><br \/>\n<div  class='hr hr-default  '><span class='hr-inner ' ><span class='hr-inner-style'><\/span><\/span><\/div><\/p><\/div><\/div><\/div><\/div><!-- close content main div --><\/div><\/div><div id='after_section_1' class='main_color av_default_container_wrap container_wrap sidebar_right'   ><div class='container' ><div class='template-page content  av-content-small alpha units'><div class='post-entry post-entry-type-page post-entry-886'><div class='entry-content-wrapper clearfix'>\n","protected":false},"excerpt":{"rendered":"","protected":false},"author":1,"featured_media":0,"parent":0,"menu_order":0,"comment_status":"open","ping_status":"open","template":"","meta":{"footnotes":""},"_links":{"self":[{"href":"https:\/\/mindbloom.de\/index.php?rest_route=\/wp\/v2\/pages\/886"}],"collection":[{"href":"https:\/\/mindbloom.de\/index.php?rest_route=\/wp\/v2\/pages"}],"about":[{"href":"https:\/\/mindbloom.de\/index.php?rest_route=\/wp\/v2\/types\/page"}],"author":[{"embeddable":true,"href":"https:\/\/mindbloom.de\/index.php?rest_route=\/wp\/v2\/users\/1"}],"replies":[{"embeddable":true,"href":"https:\/\/mindbloom.de\/index.php?rest_route=%2Fwp%2Fv2%2Fcomments&post=886"}],"version-history":[{"count":14,"href":"https:\/\/mindbloom.de\/index.php?rest_route=\/wp\/v2\/pages\/886\/revisions"}],"predecessor-version":[{"id":3578,"href":"https:\/\/mindbloom.de\/index.php?rest_route=\/wp\/v2\/pages\/886\/revisions\/3578"}],"wp:attachment":[{"href":"https:\/\/mindbloom.de\/index.php?rest_route=%2Fwp%2Fv2%2Fmedia&parent=886"}],"curies":[{"name":"wp","href":"https:\/\/api.w.org\/{rel}","templated":true}]}}